{"id":9091,"date":"2025-01-28T11:52:56","date_gmt":"2025-01-28T11:52:56","guid":{"rendered":"https:\/\/inart.website\/?page_id=9091"},"modified":"2025-02-12T19:08:50","modified_gmt":"2025-02-12T19:08:50","slug":"lente-kontakti-solucione","status":"publish","type":"page","link":"https:\/\/premiumoptica.com\/en\/lente-kontakti-solucione\/","title":{"rendered":"Contact Lenses &amp; Solutions"},"content":{"rendered":"<div data-elementor-type=\"wp-page\" data-elementor-id=\"9091\" class=\"elementor elementor-9091\" data-elementor-post-type=\"page\">\n\t\t\t\t<div class=\"elementor-element elementor-element-bc40399 e-con-full e-flex e-con e-parent\" data-id=\"bc40399\" data-element_type=\"container\" data-settings=\"{&quot;background_background&quot;:&quot;classic&quot;}\">\n\t\t<div class=\"elementor-element elementor-element-d4c98ef e-flex e-con-boxed e-con e-child\" data-id=\"d4c98ef\" data-element_type=\"container\">\n\t\t\t\t\t<div class=\"e-con-inner\">\n\t\t\t\t<div class=\"elementor-element elementor-element-57de1c7 elementor-widget elementor-widget-heading\" data-id=\"57de1c7\" data-element_type=\"widget\" data-widget_type=\"heading.default\">\n\t\t\t\t<div class=\"elementor-widget-container\">\n\t\t\t\t\t<h2 class=\"elementor-heading-title elementor-size-default\">Contact Lenses &amp; Solutions<\/h2>\t\t\t\t<\/div>\n\t\t\t\t<\/div>\n\t\t\t\t<div class=\"elementor-element elementor-element-33fa8f4 elementor-widget elementor-widget-text-editor\" data-id=\"33fa8f4\" data-element_type=\"widget\" data-widget_type=\"text-editor.default\">\n\t\t\t\t<div class=\"elementor-widget-container\">\n\t\t\t\t\t\t\t\t\t<p>N\u00eb Premium Optica, ofrojm\u00eb lentet e kontaktit dhe solucionet nga brende t\u00eb njohura si<strong> Zeiss, Bausch &amp; Lomb, Alcon.<\/strong> K\u00ebto produkte ofrojn\u00eb shikim t\u00eb qart\u00eb, komoditet gjat\u00eb gjith\u00eb dit\u00ebs dhe mbrojtje t\u00eb syve nga faktor\u00ebt e jasht\u00ebm. Ne gjithashtu ofrojm\u00eb solusiune pastrimi dhe ruajtjeje p\u00ebr lentet, duke siguruar higjien\u00eb dhe p\u00ebrvoj\u00eb t\u00eb shk\u00eblqyer p\u00ebr p\u00ebrdoruesit. Zgjidhjet tona jan\u00eb t\u00eb p\u00ebrshtatshme p\u00ebr \u00e7do nevoj\u00eb dhe sigurojn\u00eb performanc\u00eb t\u00eb lart\u00eb gjat\u00eb p\u00ebrdorimit t\u00eb p\u00ebrditsh\u00ebm.<\/p>\t\t\t\t\t\t\t\t<\/div>\n\t\t\t\t<\/div>\n\t\t\t\t\t<\/div>\n\t\t\t\t<\/div>\n\t\t\t\t<\/div>\n\t\t<div class=\"elementor-element elementor-element-2b304e2 e-flex e-con-boxed e-con e-parent\" data-id=\"2b304e2\" data-element_type=\"container\">\n\t\t\t\t\t<div class=\"e-con-inner\">\n\t\t\t\t<div class=\"elementor-element elementor-element-46c9045 elementor-widget elementor-widget-image\" data-id=\"46c9045\" data-element_type=\"widget\" data-widget_type=\"image.default\">\n\t\t\t\t<div class=\"elementor-widget-container\">\n\t\t\t\t\t\t\t\t\t\t\t\t\t\t\t<img decoding=\"async\" width=\"300\" height=\"93\" src=\"https:\/\/premiumoptica.com\/wp-content\/uploads\/2025\/02\/logo-simple-300x93.png\" class=\"attachment-medium size-medium wp-image-10510\" alt=\"\" srcset=\"https:\/\/premiumoptica.com\/wp-content\/uploads\/2025\/02\/logo-simple-300x93.png 300w, https:\/\/premiumoptica.com\/wp-content\/uploads\/2025\/02\/logo-simple-18x6.png 18w, https:\/\/premiumoptica.com\/wp-content\/uploads\/2025\/02\/logo-simple.png 366w\" sizes=\"(max-width: 300px) 100vw, 300px\" \/>\t\t\t\t\t\t\t\t\t\t\t\t\t\t\t<\/div>\n\t\t\t\t<\/div>\n\t\t\t\t\t<\/div>\n\t\t\t\t<\/div>\n\t\t<div class=\"elementor-element elementor-element-2856934 e-flex e-con-boxed e-con e-parent\" data-id=\"2856934\" data-element_type=\"container\">\n\t\t\t\t\t<div class=\"e-con-inner\">\n\t\t<div class=\"elementor-element elementor-element-79cf293 e-con-full e-flex e-con e-child\" data-id=\"79cf293\" data-element_type=\"container\">\n\t\t\t\t<div class=\"elementor-element elementor-element-09b746b elementor-arrows-position-inside elementor-pagination-position-outside elementor-widget elementor-widget-image-carousel\" data-id=\"09b746b\" data-element_type=\"widget\" data-settings=\"{&quot;slides_to_show&quot;:&quot;1&quot;,&quot;navigation&quot;:&quot;both&quot;,&quot;autoplay&quot;:&quot;yes&quot;,&quot;pause_on_hover&quot;:&quot;yes&quot;,&quot;pause_on_interaction&quot;:&quot;yes&quot;,&quot;autoplay_speed&quot;:5000,&quot;infinite&quot;:&quot;yes&quot;,&quot;effect&quot;:&quot;slide&quot;,&quot;speed&quot;:500}\" data-widget_type=\"image-carousel.default\">\n\t\t\t\t<div class=\"elementor-widget-container\">\n\t\t\t\t\t\t\t<div class=\"elementor-image-carousel-wrapper swiper\" role=\"region\" aria-roledescription=\"carousel\" aria-label=\"Image Carousel\" dir=\"ltr\">\n\t\t\t<div class=\"elementor-image-carousel swiper-wrapper\" aria-live=\"off\">\n\t\t\t\t\t\t\t\t<div class=\"swiper-slide\" role=\"group\" aria-roledescription=\"slide\" aria-label=\"1 of 3\" data-no-translation-aria-label=\"\"><figure class=\"swiper-slide-inner\"><img decoding=\"async\" class=\"swiper-slide-image\" src=\"https:\/\/premiumoptica.com\/wp-content\/uploads\/2025\/02\/AIR-OPTIX-PLUS-HYDRAGLYDE-teaser-packshot.webp\" alt=\"AIR-OPTIX-PLUS-HYDRAGLYDE-teaser-packshot\" \/><\/figure><\/div><div class=\"swiper-slide\" role=\"group\" aria-roledescription=\"slide\" aria-label=\"2 of 3\" data-no-translation-aria-label=\"\"><figure class=\"swiper-slide-inner\"><img decoding=\"async\" class=\"swiper-slide-image\" src=\"https:\/\/premiumoptica.com\/wp-content\/uploads\/2025\/02\/my-alcon-product-air-optix-night-and-day-n_0_2.png\" alt=\"my-alcon-product-air-optix-night-and-day-n_0_2\" \/><\/figure><\/div><div class=\"swiper-slide\" role=\"group\" aria-roledescription=\"slide\" aria-label=\"3 of 3\" data-no-translation-aria-label=\"\"><figure class=\"swiper-slide-inner\"><img decoding=\"async\" class=\"swiper-slide-image\" src=\"https:\/\/premiumoptica.com\/wp-content\/uploads\/2025\/02\/tot30box.webp\" alt=\"tot30box\" \/><\/figure><\/div>\t\t\t<\/div>\n\t\t\t\t\t\t\t\t\t\t\t\t<div class=\"elementor-swiper-button elementor-swiper-button-prev\" role=\"button\" tabindex=\"0\">\n\t\t\t\t\t\t<svg aria-hidden=\"true\" class=\"e-font-icon-svg e-eicon-chevron-left\" viewbox=\"0 0 1000 1000\" xmlns=\"http:\/\/www.w3.org\/2000\/svg\"><path d=\"M646 125C629 125 613 133 604 142L308 442C296 454 292 471 292 487 292 504 296 521 308 533L604 854C617 867 629 875 646 875 663 875 679 871 692 858 704 846 713 829 713 812 713 796 708 779 692 767L438 487 692 225C700 217 708 204 708 187 708 171 704 154 692 142 675 129 663 125 646 125Z\"><\/path><\/svg>\t\t\t\t\t<\/div>\n\t\t\t\t\t<div class=\"elementor-swiper-button elementor-swiper-button-next\" role=\"button\" tabindex=\"0\">\n\t\t\t\t\t\t<svg aria-hidden=\"true\" class=\"e-font-icon-svg e-eicon-chevron-right\" viewbox=\"0 0 1000 1000\" xmlns=\"http:\/\/www.w3.org\/2000\/svg\"><path d=\"M696 533C708 521 713 504 713 487 713 471 708 454 696 446L400 146C388 133 375 125 354 125 338 125 325 129 313 142 300 154 292 171 292 187 292 204 296 221 308 233L563 492 304 771C292 783 288 800 288 817 288 833 296 850 308 863 321 871 338 875 354 875 371 875 388 867 400 854L696 533Z\"><\/path><\/svg>\t\t\t\t\t<\/div>\n\t\t\t\t\n\t\t\t\t\t\t\t\t\t<div class=\"swiper-pagination\"><\/div>\n\t\t\t\t\t\t\t\t\t<\/div>\n\t\t\t\t\t\t<\/div>\n\t\t\t\t<\/div>\n\t\t\t\t<\/div>\n\t\t<div class=\"elementor-element elementor-element-e4d7e92 e-con-full e-flex e-con e-child\" data-id=\"e4d7e92\" data-element_type=\"container\">\n\t\t\t\t<div class=\"elementor-element elementor-element-be304aa elementor-widget elementor-widget-text-editor\" data-id=\"be304aa\" data-element_type=\"widget\" data-widget_type=\"text-editor.default\">\n\t\t\t\t<div class=\"elementor-widget-container\">\n\t\t\t\t\t\t\t\t\t<p><strong>Alcon<\/strong> \u00ebsht\u00eb e njohur si nj\u00eb nga prodhuesit e par\u00eb q\u00eb ofron produkte p\u00ebr kujdesin e syve q\u00eb nga viti 1945, duke zhvilluar teknologji t\u00eb avancuara dhe inovative p\u00ebr lentet e kontaktit, kirurgjin\u00eb e syve dhe produkte p\u00ebr sh\u00ebndetin e syve, p\u00ebr t\u00eb p\u00ebrmir\u00ebsuar cil\u00ebsin\u00eb e shikimit dhe mir\u00ebqenien e p\u00ebrdoruesve t\u00eb saj n\u00eb mbar\u00eb bot\u00ebn.<\/p>\t\t\t\t\t\t\t\t<\/div>\n\t\t\t\t<\/div>\n\t\t\t\t<div class=\"elementor-element elementor-element-78679e4 elementor-widget elementor-widget-text-editor\" data-id=\"78679e4\" data-element_type=\"widget\" data-widget_type=\"text-editor.default\">\n\t\t\t\t<div class=\"elementor-widget-container\">\n\t\t\t\t\t\t\t\t\t<p>Visit the manufacturer\u2019s website: <strong><a href=\"https:\/\/www.myalcon.com\/contact-lenses\/\" target=\"_blank\" rel=\"noopener\">www.myalcon.com<\/a><\/strong><\/p>\t\t\t\t\t\t\t\t<\/div>\n\t\t\t\t<\/div>\n\t\t\t\t<\/div>\n\t\t\t\t\t<\/div>\n\t\t\t\t<\/div>\n\t\t<div class=\"elementor-element elementor-element-ab5c7b5 e-con-full e-flex e-con e-parent\" data-id=\"ab5c7b5\" data-element_type=\"container\" data-settings=\"{&quot;background_background&quot;:&quot;classic&quot;}\">\n\t\t\t\t<div class=\"elementor-element elementor-element-80929bd elementor-widget elementor-widget-image\" data-id=\"80929bd\" data-element_type=\"widget\" data-widget_type=\"image.default\">\n\t\t\t\t<div class=\"elementor-widget-container\">\n\t\t\t\t\t\t\t\t\t\t\t\t\t\t\t<img decoding=\"async\" width=\"150\" height=\"150\" src=\"https:\/\/premiumoptica.com\/wp-content\/uploads\/2025\/02\/Zeiss_logo.svg-150x150.png\" class=\"attachment-thumbnail size-thumbnail wp-image-10522\" alt=\"\" srcset=\"https:\/\/premiumoptica.com\/wp-content\/uploads\/2025\/02\/Zeiss_logo.svg-150x150.png 150w, https:\/\/premiumoptica.com\/wp-content\/uploads\/2025\/02\/Zeiss_logo.svg-300x300.png 300w, https:\/\/premiumoptica.com\/wp-content\/uploads\/2025\/02\/Zeiss_logo.svg-12x12.png 12w, https:\/\/premiumoptica.com\/wp-content\/uploads\/2025\/02\/Zeiss_logo.svg-100x100.png 100w, https:\/\/premiumoptica.com\/wp-content\/uploads\/2025\/02\/Zeiss_logo.svg.png 567w\" sizes=\"(max-width: 150px) 100vw, 150px\" \/>\t\t\t\t\t\t\t\t\t\t\t\t\t\t\t<\/div>\n\t\t\t\t<\/div>\n\t\t<div class=\"elementor-element elementor-element-4e8d30c e-grid e-con-boxed e-con e-child\" data-id=\"4e8d30c\" data-element_type=\"container\">\n\t\t\t\t\t<div class=\"e-con-inner\">\n\t\t\t\t<div class=\"elementor-element elementor-element-0cdb298 elementor-widget elementor-widget-text-editor\" data-id=\"0cdb298\" data-element_type=\"widget\" data-widget_type=\"text-editor.default\">\n\t\t\t\t<div class=\"elementor-widget-container\">\n\t\t\t\t\t\t\t\t\t<p><strong>Zeiss<\/strong> njihet si kompania e par\u00eb q\u00eb ka filluar t\u00eb ofroj\u00eb produkte optike, dhe s\u00eb bashku me Wohlk kan\u00eb arritur t\u00eb sjellin lentet e kontaktit nga materialet m\u00eb t\u00eb mira, duke ofruar komoditet maksimal dhe performanc\u00eb t\u00eb lart\u00eb. Teknologjit\u00eb e avancuara t\u00eb Zeiss kan\u00eb siguruar shikim t\u00eb qart\u00eb dhe rehati gjat\u00eb gjith\u00eb dit\u00ebs p\u00ebr p\u00ebrdoruesit e lenteve t\u00eb kontaktit.<\/p><p>Visit the manufacturer\u2019s website: <a style=\"color: #ffffff;\" href=\"https:\/\/www.woehlk.com\/start.html\" target=\"_blank\" rel=\"noopener\"><strong>www.woehlk.com<\/strong><\/a><\/p>\t\t\t\t\t\t\t\t<\/div>\n\t\t\t\t<\/div>\n\t\t\t\t<div class=\"elementor-element elementor-element-6fe5b1f elementor-arrows-position-inside elementor-pagination-position-outside elementor-widget elementor-widget-image-carousel\" data-id=\"6fe5b1f\" data-element_type=\"widget\" data-settings=\"{&quot;slides_to_show&quot;:&quot;1&quot;,&quot;navigation&quot;:&quot;both&quot;,&quot;autoplay&quot;:&quot;yes&quot;,&quot;pause_on_hover&quot;:&quot;yes&quot;,&quot;pause_on_interaction&quot;:&quot;yes&quot;,&quot;autoplay_speed&quot;:5000,&quot;infinite&quot;:&quot;yes&quot;,&quot;effect&quot;:&quot;slide&quot;,&quot;speed&quot;:500}\" data-widget_type=\"image-carousel.default\">\n\t\t\t\t<div class=\"elementor-widget-container\">\n\t\t\t\t\t\t\t<div class=\"elementor-image-carousel-wrapper swiper\" role=\"region\" aria-roledescription=\"carousel\" aria-label=\"Image Carousel\" dir=\"ltr\">\n\t\t\t<div class=\"elementor-image-carousel swiper-wrapper\" aria-live=\"off\">\n\t\t\t\t\t\t\t\t<div class=\"swiper-slide\" role=\"group\" aria-roledescription=\"slide\" aria-label=\"1 of 3\" data-no-translation-aria-label=\"\"><figure class=\"swiper-slide-inner\"><img decoding=\"async\" class=\"swiper-slide-image\" src=\"https:\/\/premiumoptica.com\/wp-content\/uploads\/2025\/02\/1561-800x600-1-300x225.jpg\" alt=\"1561-800x600\" \/><\/figure><\/div><div class=\"swiper-slide\" role=\"group\" aria-roledescription=\"slide\" aria-label=\"2 of 3\" data-no-translation-aria-label=\"\"><figure class=\"swiper-slide-inner\"><img decoding=\"async\" class=\"swiper-slide-image\" src=\"https:\/\/premiumoptica.com\/wp-content\/uploads\/2025\/02\/8817-contactday30compatictoric-bei-optikplus-preiswert-online-bestellen-1-300x240.jpg\" alt=\"8817-contactday30compatictoric-bei-optikplus-preiswert-online-bestellen\" \/><\/figure><\/div><div class=\"swiper-slide\" role=\"group\" aria-roledescription=\"slide\" aria-label=\"3 of 3\" data-no-translation-aria-label=\"\"><figure class=\"swiper-slide-inner\"><img decoding=\"async\" class=\"swiper-slide-image\" src=\"https:\/\/premiumoptica.com\/wp-content\/uploads\/2025\/02\/zeiss-contact-day30-air-6p-2-1-300x248.png\" alt=\"zeiss-contact-day30-air-6p-2\" \/><\/figure><\/div>\t\t\t<\/div>\n\t\t\t\t\t\t\t\t\t\t\t\t<div class=\"elementor-swiper-button elementor-swiper-button-prev\" role=\"button\" tabindex=\"0\">\n\t\t\t\t\t\t<svg aria-hidden=\"true\" class=\"e-font-icon-svg e-eicon-chevron-left\" viewbox=\"0 0 1000 1000\" xmlns=\"http:\/\/www.w3.org\/2000\/svg\"><path d=\"M646 125C629 125 613 133 604 142L308 442C296 454 292 471 292 487 292 504 296 521 308 533L604 854C617 867 629 875 646 875 663 875 679 871 692 858 704 846 713 829 713 812 713 796 708 779 692 767L438 487 692 225C700 217 708 204 708 187 708 171 704 154 692 142 675 129 663 125 646 125Z\"><\/path><\/svg>\t\t\t\t\t<\/div>\n\t\t\t\t\t<div class=\"elementor-swiper-button elementor-swiper-button-next\" role=\"button\" tabindex=\"0\">\n\t\t\t\t\t\t<svg aria-hidden=\"true\" class=\"e-font-icon-svg e-eicon-chevron-right\" viewbox=\"0 0 1000 1000\" xmlns=\"http:\/\/www.w3.org\/2000\/svg\"><path d=\"M696 533C708 521 713 504 713 487 713 471 708 454 696 446L400 146C388 133 375 125 354 125 338 125 325 129 313 142 300 154 292 171 292 187 292 204 296 221 308 233L563 492 304 771C292 783 288 800 288 817 288 833 296 850 308 863 321 871 338 875 354 875 371 875 388 867 400 854L696 533Z\"><\/path><\/svg>\t\t\t\t\t<\/div>\n\t\t\t\t\n\t\t\t\t\t\t\t\t\t<div class=\"swiper-pagination\"><\/div>\n\t\t\t\t\t\t\t\t\t<\/div>\n\t\t\t\t\t\t<\/div>\n\t\t\t\t<\/div>\n\t\t\t\t\t<\/div>\n\t\t\t\t<\/div>\n\t\t\t\t<\/div>\n\t\t<div class=\"elementor-element elementor-element-c799c8e e-flex e-con-boxed e-con e-parent\" data-id=\"c799c8e\" data-element_type=\"container\">\n\t\t\t\t\t<div class=\"e-con-inner\">\n\t\t\t\t<div class=\"elementor-element elementor-element-ff3452c elementor-widget elementor-widget-image\" data-id=\"ff3452c\" data-element_type=\"widget\" data-widget_type=\"image.default\">\n\t\t\t\t<div class=\"elementor-widget-container\">\n\t\t\t\t\t\t\t\t\t\t\t\t\t\t\t<img fetchpriority=\"high\" decoding=\"async\" width=\"768\" height=\"73\" src=\"https:\/\/premiumoptica.com\/wp-content\/uploads\/2025\/02\/Bausch_and_Lomb_Logo_2010.svg-768x73.png\" class=\"attachment-medium_large size-medium_large wp-image-10523\" alt=\"\" srcset=\"https:\/\/premiumoptica.com\/wp-content\/uploads\/2025\/02\/Bausch_and_Lomb_Logo_2010.svg-768x73.png 768w, https:\/\/premiumoptica.com\/wp-content\/uploads\/2025\/02\/Bausch_and_Lomb_Logo_2010.svg-300x28.png 300w, https:\/\/premiumoptica.com\/wp-content\/uploads\/2025\/02\/Bausch_and_Lomb_Logo_2010.svg-1024x97.png 1024w, https:\/\/premiumoptica.com\/wp-content\/uploads\/2025\/02\/Bausch_and_Lomb_Logo_2010.svg-1536x145.png 1536w, https:\/\/premiumoptica.com\/wp-content\/uploads\/2025\/02\/Bausch_and_Lomb_Logo_2010.svg-2048x194.png 2048w, https:\/\/premiumoptica.com\/wp-content\/uploads\/2025\/02\/Bausch_and_Lomb_Logo_2010.svg-18x2.png 18w, https:\/\/premiumoptica.com\/wp-content\/uploads\/2025\/02\/Bausch_and_Lomb_Logo_2010.svg-600x57.png 600w\" sizes=\"(max-width: 768px) 100vw, 768px\" \/>\t\t\t\t\t\t\t\t\t\t\t\t\t\t\t<\/div>\n\t\t\t\t<\/div>\n\t\t\t\t\t<\/div>\n\t\t\t\t<\/div>\n\t\t<div class=\"elementor-element elementor-element-78b2a96 e-flex e-con-boxed e-con e-parent\" data-id=\"78b2a96\" data-element_type=\"container\">\n\t\t\t\t\t<div class=\"e-con-inner\">\n\t\t<div class=\"elementor-element elementor-element-22bfdcd e-con-full e-flex e-con e-child\" data-id=\"22bfdcd\" data-element_type=\"container\">\n\t\t\t\t<div class=\"elementor-element elementor-element-888903a elementor-arrows-position-inside elementor-pagination-position-outside elementor-widget elementor-widget-image-carousel\" data-id=\"888903a\" data-element_type=\"widget\" data-settings=\"{&quot;slides_to_show&quot;:&quot;1&quot;,&quot;navigation&quot;:&quot;both&quot;,&quot;autoplay&quot;:&quot;yes&quot;,&quot;pause_on_hover&quot;:&quot;yes&quot;,&quot;pause_on_interaction&quot;:&quot;yes&quot;,&quot;autoplay_speed&quot;:5000,&quot;infinite&quot;:&quot;yes&quot;,&quot;effect&quot;:&quot;slide&quot;,&quot;speed&quot;:500}\" data-widget_type=\"image-carousel.default\">\n\t\t\t\t<div class=\"elementor-widget-container\">\n\t\t\t\t\t\t\t<div class=\"elementor-image-carousel-wrapper swiper\" role=\"region\" aria-roledescription=\"carousel\" aria-label=\"Image Carousel\" dir=\"ltr\">\n\t\t\t<div class=\"elementor-image-carousel swiper-wrapper\" aria-live=\"off\">\n\t\t\t\t\t\t\t\t<div class=\"swiper-slide\" role=\"group\" aria-roledescription=\"slide\" aria-label=\"1 of 3\" data-no-translation-aria-label=\"\"><figure class=\"swiper-slide-inner\"><img decoding=\"async\" class=\"swiper-slide-image\" src=\"https:\/\/premiumoptica.com\/wp-content\/uploads\/2025\/02\/61QtPBGIUmL-1024x1024.jpg\" alt=\"61QtPBGIUmL\" \/><\/figure><\/div><div class=\"swiper-slide\" role=\"group\" aria-roledescription=\"slide\" aria-label=\"2 of 3\" data-no-translation-aria-label=\"\"><figure class=\"swiper-slide-inner\"><img decoding=\"async\" class=\"swiper-slide-image\" src=\"https:\/\/premiumoptica.com\/wp-content\/uploads\/2025\/02\/1006.png\" alt=\"1006\" \/><\/figure><\/div><div class=\"swiper-slide\" role=\"group\" aria-roledescription=\"slide\" aria-label=\"3 of 3\" data-no-translation-aria-label=\"\"><figure class=\"swiper-slide-inner\"><img decoding=\"async\" class=\"swiper-slide-image\" src=\"https:\/\/premiumoptica.com\/wp-content\/uploads\/2025\/02\/bausch-_-lomb-soflens-59-contact-lenses_1.jpg\" alt=\"bausch-_-lomb-soflens-59-contact-lenses_1\" \/><\/figure><\/div>\t\t\t<\/div>\n\t\t\t\t\t\t\t\t\t\t\t\t<div class=\"elementor-swiper-button elementor-swiper-button-prev\" role=\"button\" tabindex=\"0\">\n\t\t\t\t\t\t<svg aria-hidden=\"true\" class=\"e-font-icon-svg e-eicon-chevron-left\" viewbox=\"0 0 1000 1000\" xmlns=\"http:\/\/www.w3.org\/2000\/svg\"><path d=\"M646 125C629 125 613 133 604 142L308 442C296 454 292 471 292 487 292 504 296 521 308 533L604 854C617 867 629 875 646 875 663 875 679 871 692 858 704 846 713 829 713 812 713 796 708 779 692 767L438 487 692 225C700 217 708 204 708 187 708 171 704 154 692 142 675 129 663 125 646 125Z\"><\/path><\/svg>\t\t\t\t\t<\/div>\n\t\t\t\t\t<div class=\"elementor-swiper-button elementor-swiper-button-next\" role=\"button\" tabindex=\"0\">\n\t\t\t\t\t\t<svg aria-hidden=\"true\" class=\"e-font-icon-svg e-eicon-chevron-right\" viewbox=\"0 0 1000 1000\" xmlns=\"http:\/\/www.w3.org\/2000\/svg\"><path d=\"M696 533C708 521 713 504 713 487 713 471 708 454 696 446L400 146C388 133 375 125 354 125 338 125 325 129 313 142 300 154 292 171 292 187 292 204 296 221 308 233L563 492 304 771C292 783 288 800 288 817 288 833 296 850 308 863 321 871 338 875 354 875 371 875 388 867 400 854L696 533Z\"><\/path><\/svg>\t\t\t\t\t<\/div>\n\t\t\t\t\n\t\t\t\t\t\t\t\t\t<div class=\"swiper-pagination\"><\/div>\n\t\t\t\t\t\t\t\t\t<\/div>\n\t\t\t\t\t\t<\/div>\n\t\t\t\t<\/div>\n\t\t\t\t<\/div>\n\t\t<div class=\"elementor-element elementor-element-c46f9ad e-con-full e-flex e-con e-child\" data-id=\"c46f9ad\" data-element_type=\"container\">\n\t\t\t\t<div class=\"elementor-element elementor-element-c0a5491 elementor-widget elementor-widget-text-editor\" data-id=\"c0a5491\" data-element_type=\"widget\" data-widget_type=\"text-editor.default\">\n\t\t\t\t<div class=\"elementor-widget-container\">\n\t\t\t\t\t\t\t\t\t<p><strong>Bausch + Lomb<\/strong> \u00ebsht\u00eb nj\u00eb kompani q\u00eb daton nga viti 1971, kur prezantoi lentet e para t\u00eb buta. Ajo \u00ebsht\u00eb e njohur p\u00ebr materialet inovative dhe teknologjit\u00eb e avancuara q\u00eb p\u00ebrdor n\u00eb prodhimin e lenteve, duke ofruar produkte t\u00eb cil\u00ebsis\u00eb s\u00eb lart\u00eb p\u00ebr kujdesin e syve dhe p\u00ebrmir\u00ebsimin e shikimit.<\/p>\t\t\t\t\t\t\t\t<\/div>\n\t\t\t\t<\/div>\n\t\t\t\t<div class=\"elementor-element elementor-element-296aba5 elementor-widget elementor-widget-text-editor\" data-id=\"296aba5\" data-element_type=\"widget\" data-widget_type=\"text-editor.default\">\n\t\t\t\t<div class=\"elementor-widget-container\">\n\t\t\t\t\t\t\t\t\t<p>Visit the manufacturer\u2019s website: <strong><a href=\"https:\/\/www.bausch.com\/\" target=\"_blank\" rel=\"noopener\">www.bausch.com<\/a><\/strong><\/p>\t\t\t\t\t\t\t\t<\/div>\n\t\t\t\t<\/div>\n\t\t\t\t<\/div>\n\t\t\t\t\t<\/div>\n\t\t\t\t<\/div>\n\t\t<div class=\"elementor-element elementor-element-6e5a3b7 e-flex e-con-boxed e-con e-parent\" data-id=\"6e5a3b7\" data-element_type=\"container\">\n\t\t\t\t\t<div class=\"e-con-inner\">\n\t\t\t\t\t<\/div>\n\t\t\t\t<\/div>\n\t\t\t\t<\/div>","protected":false},"excerpt":{"rendered":"<p>Lente Kontakti &amp; Solucione N\u00eb Premium Optica, ofrojm\u00eb lentet e kontaktit dhe solucionet nga brende t\u00eb njohura si Zeiss, Bausch &amp; Lomb, Alcon. K\u00ebto produkte ofrojn\u00eb shikim t\u00eb qart\u00eb, komoditet gjat\u00eb gjith\u00eb dit\u00ebs dhe mbrojtje t\u00eb syve nga faktor\u00ebt e jasht\u00ebm. Ne gjithashtu ofrojm\u00eb solusiune pastrimi dhe ruajtjeje p\u00ebr lentet, duke siguruar higjien\u00eb dhe p\u00ebrvoj\u00eb [&hellip;]<\/p>","protected":false},"author":1,"featured_media":0,"parent":0,"menu_order":0,"comment_status":"closed","ping_status":"closed","template":"elementor_header_footer","meta":{"site-sidebar-layout":"no-sidebar","site-content-layout":"page-builder","ast-site-content-layout":"full-width-container","site-content-style":"default","site-sidebar-style":"default","ast-global-header-display":"","ast-banner-title-visibility":"","ast-main-header-display":"","ast-hfb-above-header-display":"","ast-hfb-below-header-display":"","ast-hfb-mobile-header-display":"","site-post-title":"disabled","ast-breadcrumbs-content":"","ast-featured-img":"disabled","footer-sml-layout":"","theme-transparent-header-meta":"","adv-header-id-meta":"","stick-header-meta":"","header-above-stick-meta":"","header-main-stick-meta":"","header-below-stick-meta":"","astra-migrate-meta-layouts":"set","ast-page-background-enabled":"default","ast-page-background-meta":{"desktop":{"background-color":"var(--ast-global-color-4)","background-image":"","background-repeat":"repeat","background-position":"center center","background-size":"auto","background-attachment":"scroll","background-type":"","background-media":"","overlay-type":"","overlay-color":"","overlay-opacity":"","overlay-gradient":""},"tablet":{"background-color":"","background-image":"","background-repeat":"repeat","background-position":"center center","background-size":"auto","background-attachment":"scroll","background-type":"","background-media":"","overlay-type":"","overlay-color":"","overlay-opacity":"","overlay-gradient":""},"mobile":{"background-color":"","background-image":"","background-repeat":"repeat","background-position":"center center","background-size":"auto","background-attachment":"scroll","background-type":"","background-media":"","overlay-type":"","overlay-color":"","overlay-opacity":"","overlay-gradient":""}},"ast-content-background-meta":{"desktop":{"background-color":"var(--ast-global-color-5)","background-image":"","background-repeat":"repeat","background-position":"center center","background-size":"auto","background-attachment":"scroll","background-type":"","background-media":"","overlay-type":"","overlay-color":"","overlay-opacity":"","overlay-gradient":""},"tablet":{"background-color":"var(--ast-global-color-5)","background-image":"","background-repeat":"repeat","background-position":"center center","background-size":"auto","background-attachment":"scroll","background-type":"","background-media":"","overlay-type":"","overlay-color":"","overlay-opacity":"","overlay-gradient":""},"mobile":{"background-color":"var(--ast-global-color-5)","background-image":"","background-repeat":"repeat","background-position":"center center","background-size":"auto","background-attachment":"scroll","background-type":"","background-media":"","overlay-type":"","overlay-color":"","overlay-opacity":"","overlay-gradient":""}},"footnotes":""},"class_list":["post-9091","page","type-page","status-publish","hentry"],"_links":{"self":[{"href":"https:\/\/premiumoptica.com\/en\/wp-json\/wp\/v2\/pages\/9091","targetHints":{"allow":["GET"]}}],"collection":[{"href":"https:\/\/premiumoptica.com\/en\/wp-json\/wp\/v2\/pages"}],"about":[{"href":"https:\/\/premiumoptica.com\/en\/wp-json\/wp\/v2\/types\/page"}],"author":[{"embeddable":true,"href":"https:\/\/premiumoptica.com\/en\/wp-json\/wp\/v2\/users\/1"}],"replies":[{"embeddable":true,"href":"https:\/\/premiumoptica.com\/en\/wp-json\/wp\/v2\/comments?post=9091"}],"version-history":[{"count":58,"href":"https:\/\/premiumoptica.com\/en\/wp-json\/wp\/v2\/pages\/9091\/revisions"}],"predecessor-version":[{"id":10554,"href":"https:\/\/premiumoptica.com\/en\/wp-json\/wp\/v2\/pages\/9091\/revisions\/10554"}],"wp:attachment":[{"href":"https:\/\/premiumoptica.com\/en\/wp-json\/wp\/v2\/media?parent=9091"}],"curies":[{"name":"wp","href":"https:\/\/api.w.org\/{rel}","templated":true}]}}