{"id":6182,"date":"2024-12-17T14:59:11","date_gmt":"2024-12-17T14:59:11","guid":{"rendered":"https:\/\/inart.website\/?page_id=6182"},"modified":"2025-06-03T17:15:18","modified_gmt":"2025-06-03T17:15:18","slug":"xhama-optik","status":"publish","type":"page","link":"https:\/\/premiumoptica.com\/en\/xhama-optik\/","title":{"rendered":"Xhama optik"},"content":{"rendered":"<div data-elementor-type=\"wp-page\" data-elementor-id=\"6182\" class=\"elementor elementor-6182\" data-elementor-post-type=\"page\">\n\t\t\t\t<div class=\"elementor-element elementor-element-4b1f0d6 e-con-full e-flex e-con e-parent\" data-id=\"4b1f0d6\" data-element_type=\"container\" data-settings=\"{&quot;background_background&quot;:&quot;classic&quot;}\">\n\t\t<div class=\"elementor-element elementor-element-3b5df67 e-flex e-con-boxed e-con e-child\" data-id=\"3b5df67\" data-element_type=\"container\">\n\t\t\t\t\t<div class=\"e-con-inner\">\n\t\t\t\t<div class=\"elementor-element elementor-element-8502ad7 elementor-widget elementor-widget-heading\" data-id=\"8502ad7\" data-element_type=\"widget\" data-widget_type=\"heading.default\">\n\t\t\t\t<div class=\"elementor-widget-container\">\n\t\t\t\t\t<h2 class=\"elementor-heading-title elementor-size-default\">Ophthalmic Lenses<\/h2>\t\t\t\t<\/div>\n\t\t\t\t<\/div>\n\t\t\t\t\t<\/div>\n\t\t\t\t<\/div>\n\t\t<div class=\"elementor-element elementor-element-a80800e e-flex e-con-boxed e-con e-child\" data-id=\"a80800e\" data-element_type=\"container\">\n\t\t\t\t\t<div class=\"e-con-inner\">\n\t\t\t\t<div class=\"elementor-element elementor-element-e4dabb1 elementor-widget elementor-widget-heading\" data-id=\"e4dabb1\" data-element_type=\"widget\" data-widget_type=\"heading.default\">\n\t\t\t\t<div class=\"elementor-widget-container\">\n\t\t\t\t\t<h6 class=\"elementor-heading-title elementor-size-default\"><a href=\"https:\/\/premiumoptica.com\/en\/\">Go back<\/a><\/h6>\t\t\t\t<\/div>\n\t\t\t\t<\/div>\n\t\t\t\t\t<\/div>\n\t\t\t\t<\/div>\n\t\t\t\t<\/div>\n\t\t<div class=\"elementor-element elementor-element-3abf81a e-flex e-con-boxed e-con e-parent\" data-id=\"3abf81a\" data-element_type=\"container\">\n\t\t\t\t\t<div class=\"e-con-inner\">\n\t\t<div class=\"elementor-element elementor-element-1ee55b4 e-con-full e-flex e-con e-child\" data-id=\"1ee55b4\" data-element_type=\"container\">\n\t\t\t\t<div class=\"elementor-element elementor-element-042c499 elementor-widget elementor-widget-image\" data-id=\"042c499\" data-element_type=\"widget\" data-widget_type=\"image.default\">\n\t\t\t\t<div class=\"elementor-widget-container\">\n\t\t\t\t\t\t\t\t\t\t\t\t\t\t\t<img fetchpriority=\"high\" decoding=\"async\" width=\"300\" height=\"300\" src=\"https:\/\/premiumoptica.com\/wp-content\/uploads\/2025\/06\/filab-Lenti-300x300.webp\" class=\"attachment-medium size-medium wp-image-36572\" alt=\"\" srcset=\"https:\/\/premiumoptica.com\/wp-content\/uploads\/2025\/06\/filab-Lenti-300x300.webp 300w, https:\/\/premiumoptica.com\/wp-content\/uploads\/2025\/06\/filab-Lenti-1024x1024.webp 1024w, https:\/\/premiumoptica.com\/wp-content\/uploads\/2025\/06\/filab-Lenti-150x150.webp 150w, https:\/\/premiumoptica.com\/wp-content\/uploads\/2025\/06\/filab-Lenti-768x768.webp 768w, https:\/\/premiumoptica.com\/wp-content\/uploads\/2025\/06\/filab-Lenti-12x12.webp 12w, https:\/\/premiumoptica.com\/wp-content\/uploads\/2025\/06\/filab-Lenti-600x600.webp 600w, https:\/\/premiumoptica.com\/wp-content\/uploads\/2025\/06\/filab-Lenti-100x100.webp 100w, https:\/\/premiumoptica.com\/wp-content\/uploads\/2025\/06\/filab-Lenti.webp 1500w\" sizes=\"(max-width: 300px) 100vw, 300px\" \/>\t\t\t\t\t\t\t\t\t\t\t\t\t\t\t<\/div>\n\t\t\t\t<\/div>\n\t\t\t\t<\/div>\n\t\t<div class=\"elementor-element elementor-element-0d04ec5 e-con-full e-flex e-con e-child\" data-id=\"0d04ec5\" data-element_type=\"container\">\n\t\t\t\t<div class=\"elementor-element elementor-element-a5012f0 elementor-widget elementor-widget-text-editor\" data-id=\"a5012f0\" data-element_type=\"widget\" data-widget_type=\"text-editor.default\">\n\t\t\t\t<div class=\"elementor-widget-container\">\n\t\t\t\t\t\t\t\t\t<p><strong>Xhama Optik <\/strong><strong>FILAB Lenti &#8211; <\/strong><strong>C<\/strong><strong style=\"font-size: 16px;\">il\u00ebsi Italiane, Performanc\u00eb e Lart\u00eb<\/strong><\/p><p data-start=\"668\" data-end=\"1161\" data-is-last-node=\"\" data-is-only-node=\"\"><b>PremiumOptica<\/b> prezanton xhamat optik\u00eb t\u00eb prodhuar nga Filab Lenti, \u00a0nj\u00eb em\u00ebr i njohur italian me tradit\u00eb dhe inovacion n\u00eb fush\u00ebn optike. T\u00eb krijuar p\u00ebr t\u00eb p\u00ebrmbushur standardet m\u00eb t\u00eb larta t\u00eb cil\u00ebsis\u00eb dhe estetik\u00ebs italiane, xhamat <b>Filab<\/b> ofrojn\u00eb qart\u00ebsi t\u00eb jasht\u00ebzakonshme, komoditet maksimal dhe mbrojtje t\u00eb sigurt p\u00ebr shikimin tuaj. Nga p\u00ebrdorimi i materialeve t\u00eb avancuara deri te kontrolli rigoroz i cil\u00ebsis\u00eb, \u00e7do pal\u00eb xhama Filab \u00ebsht\u00eb nj\u00eb kombinim perfekt i stilit dhe funksionalitetit.<\/p>\t\t\t\t\t\t\t\t<\/div>\n\t\t\t\t<\/div>\n\t\t\t\t<div class=\"elementor-element elementor-element-1addc62 elementor-widget elementor-widget-text-editor\" data-id=\"1addc62\" data-element_type=\"widget\" data-widget_type=\"text-editor.default\">\n\t\t\t\t<div class=\"elementor-widget-container\">\n\t\t\t\t\t\t\t\t\t<p>Vizitoni faqen e prodhuesit: <a href=\"https:\/\/filablenti.it\"><span style=\"text-decoration: underline;\">www.filablenti.it<\/span><\/a><\/p>\t\t\t\t\t\t\t\t<\/div>\n\t\t\t\t<\/div>\n\t\t\t\t<\/div>\n\t\t\t\t\t<\/div>\n\t\t\t\t<\/div>\n\t\t<div class=\"elementor-element elementor-element-e41a7eb e-flex e-con-boxed e-con e-parent\" data-id=\"e41a7eb\" data-element_type=\"container\">\n\t\t\t\t\t<div class=\"e-con-inner\">\n\t\t\t\t<div class=\"elementor-element elementor-element-1a53a49 elementor-widget-divider--view-line elementor-widget elementor-widget-divider\" data-id=\"1a53a49\" data-element_type=\"widget\" data-widget_type=\"divider.default\">\n\t\t\t\t<div class=\"elementor-widget-container\">\n\t\t\t\t\t\t\t<div class=\"elementor-divider\">\n\t\t\t<span class=\"elementor-divider-separator\">\n\t\t\t\t\t\t<\/span>\n\t\t<\/div>\n\t\t\t\t\t\t<\/div>\n\t\t\t\t<\/div>\n\t\t\t\t\t<\/div>\n\t\t\t\t<\/div>\n\t\t<div class=\"elementor-element elementor-element-b5c1cfc e-flex e-con-boxed e-con e-parent\" data-id=\"b5c1cfc\" data-element_type=\"container\">\n\t\t\t\t\t<div class=\"e-con-inner\">\n\t\t<div class=\"elementor-element elementor-element-5db06c4 e-con-full e-flex e-con e-child\" data-id=\"5db06c4\" data-element_type=\"container\">\n\t\t\t\t<div class=\"elementor-element elementor-element-fba88c2 elementor-widget elementor-widget-image\" data-id=\"fba88c2\" data-element_type=\"widget\" data-widget_type=\"image.default\">\n\t\t\t\t<div class=\"elementor-widget-container\">\n\t\t\t\t\t\t\t\t\t\t\t\t\t\t\t<img decoding=\"async\" width=\"1024\" height=\"252\" src=\"https:\/\/premiumoptica.com\/wp-content\/uploads\/2024\/12\/Logo-1024x252.png\" class=\"attachment-large size-large wp-image-6184\" alt=\"\" srcset=\"https:\/\/premiumoptica.com\/wp-content\/uploads\/2024\/12\/Logo-1024x252.png 1024w, https:\/\/premiumoptica.com\/wp-content\/uploads\/2024\/12\/Logo-300x74.png 300w, https:\/\/premiumoptica.com\/wp-content\/uploads\/2024\/12\/Logo-768x189.png 768w, https:\/\/premiumoptica.com\/wp-content\/uploads\/2024\/12\/Logo-600x148.png 600w, https:\/\/premiumoptica.com\/wp-content\/uploads\/2024\/12\/Logo.png 1261w\" sizes=\"(max-width: 1024px) 100vw, 1024px\" \/>\t\t\t\t\t\t\t\t\t\t\t\t\t\t\t<\/div>\n\t\t\t\t<\/div>\n\t\t\t\t<\/div>\n\t\t<div class=\"elementor-element elementor-element-0cb2555 e-con-full e-flex e-con e-child\" data-id=\"0cb2555\" data-element_type=\"container\">\n\t\t\t\t<div class=\"elementor-element elementor-element-8a19eaf elementor-widget elementor-widget-text-editor\" data-id=\"8a19eaf\" data-element_type=\"widget\" data-widget_type=\"text-editor.default\">\n\t\t\t\t<div class=\"elementor-widget-container\">\n\t\t\t\t\t\t\t\t\t<p><strong>Xhama Optik iLensify \u2013 Nga Anglia, p\u00ebr Shikim t\u00eb Past\u00ebr<\/strong><\/p><p>Si distributor ekskluziv i brendit inovativ britanik iLensify, <b>PremiumOptica<\/b> ju sjell n\u00eb tregun vendas xhama optik t\u00eb gjenerat\u00ebs s\u00eb fundit. T\u00eb krijuar me teknologji t\u00eb avancuar dhe materiale premium, xhamat <b>iLensify<\/b> ofrojn\u00eb nj\u00eb p\u00ebrvoj\u00eb vizuale t\u00eb jasht\u00ebzakonshme, mbrojtje t\u00eb lart\u00eb ndaj rrezatimit t\u00eb d\u00ebmsh\u00ebm dhe komoditet gjat\u00eb gjith\u00eb dit\u00ebs. Zgjedhja ideale p\u00ebr ata q\u00eb k\u00ebrkojn\u00eb qart\u00ebsi maksimale dhe mbrojtje t\u00eb besueshme p\u00ebr shikimin e tyre.<\/p>\t\t\t\t\t\t\t\t<\/div>\n\t\t\t\t<\/div>\n\t\t\t\t<div class=\"elementor-element elementor-element-435a198 elementor-widget elementor-widget-text-editor\" data-id=\"435a198\" data-element_type=\"widget\" data-widget_type=\"text-editor.default\">\n\t\t\t\t<div class=\"elementor-widget-container\">\n\t\t\t\t\t\t\t\t\t<p>Vizitoni faqen e prodhuesit: <a href=\"https:\/\/ilensify.co.uk\/\"><span style=\"text-decoration: underline;\">www.iLensify.co.uk<\/span><\/a><\/p>\t\t\t\t\t\t\t\t<\/div>\n\t\t\t\t<\/div>\n\t\t\t\t<\/div>\n\t\t\t\t\t<\/div>\n\t\t\t\t<\/div>\n\t\t<div class=\"elementor-element elementor-element-131242e e-flex e-con-boxed e-con e-parent\" data-id=\"131242e\" data-element_type=\"container\" data-settings=\"{&quot;background_background&quot;:&quot;classic&quot;}\">\n\t\t\t\t\t<div class=\"e-con-inner\">\n\t\t<div class=\"elementor-element elementor-element-5a8b087 e-con-full e-flex e-con e-child\" data-id=\"5a8b087\" data-element_type=\"container\">\n\t\t\t\t<div class=\"elementor-element elementor-element-40fb62e elementor-widget elementor-widget-image\" data-id=\"40fb62e\" data-element_type=\"widget\" data-widget_type=\"image.default\">\n\t\t\t\t<div class=\"elementor-widget-container\">\n\t\t\t\t\t\t\t\t\t\t\t\t\t\t\t<img decoding=\"async\" width=\"500\" height=\"329\" src=\"https:\/\/premiumoptica.com\/wp-content\/uploads\/2024\/12\/lenti-tra.png\" class=\"attachment-medium_large size-medium_large wp-image-6197\" alt=\"\" srcset=\"https:\/\/premiumoptica.com\/wp-content\/uploads\/2024\/12\/lenti-tra.png 500w, https:\/\/premiumoptica.com\/wp-content\/uploads\/2024\/12\/lenti-tra-300x197.png 300w\" sizes=\"(max-width: 500px) 100vw, 500px\" \/>\t\t\t\t\t\t\t\t\t\t\t\t\t\t\t<\/div>\n\t\t\t\t<\/div>\n\t\t\t\t<\/div>\n\t\t<div class=\"elementor-element elementor-element-c681af1 e-con-full e-flex e-con e-child\" data-id=\"c681af1\" data-element_type=\"container\">\n\t\t\t\t<div class=\"elementor-element elementor-element-40fb64d elementor-widget elementor-widget-text-editor\" data-id=\"40fb64d\" data-element_type=\"widget\" data-widget_type=\"text-editor.default\">\n\t\t\t\t<div class=\"elementor-widget-container\">\n\t\t\t\t\t\t\t\t\t<p>Whether you need lenses for daily wear, sports activities, or UV protection, iLensify offers tailored solutions for every need. Our commitment is to deliver high-quality products that have been tested in the market and offer outstanding performance to our customers.<\/p>\t\t\t\t\t\t\t\t<\/div>\n\t\t\t\t<\/div>\n\t\t\t\t<\/div>\n\t\t\t\t\t<\/div>\n\t\t\t\t<\/div>\n\t\t<div class=\"elementor-element elementor-element-bc2c264 e-flex e-con-boxed e-con e-parent\" data-id=\"bc2c264\" data-element_type=\"container\">\n\t\t\t\t\t<div class=\"e-con-inner\">\n\t\t\t\t\t<\/div>\n\t\t\t\t<\/div>\n\t\t\t\t<\/div>","protected":false},"excerpt":{"rendered":"<p>Xhama Oftalmologjik \u2190 Kthehu prapa Xhama Optik FILAB Lenti &#8211; Cil\u00ebsi Italiane, Performanc\u00eb e Lart\u00eb PremiumOptica prezanton xhamat optik\u00eb t\u00eb prodhuar nga Filab Lenti, \u00a0nj\u00eb em\u00ebr i njohur italian me tradit\u00eb dhe inovacion n\u00eb fush\u00ebn optike. T\u00eb krijuar p\u00ebr t\u00eb p\u00ebrmbushur standardet m\u00eb t\u00eb larta t\u00eb cil\u00ebsis\u00eb dhe estetik\u00ebs italiane, xhamat Filab ofrojn\u00eb qart\u00ebsi t\u00eb [&hellip;]<\/p>","protected":false},"author":1,"featured_media":0,"parent":0,"menu_order":0,"comment_status":"closed","ping_status":"closed","template":"elementor_header_footer","meta":{"site-sidebar-layout":"no-sidebar","site-content-layout":"page-builder","ast-site-content-layout":"full-width-container","site-content-style":"default","site-sidebar-style":"default","ast-global-header-display":"","ast-banner-title-visibility":"","ast-main-header-display":"","ast-hfb-above-header-display":"","ast-hfb-below-header-display":"","ast-hfb-mobile-header-display":"","site-post-title":"disabled","ast-breadcrumbs-content":"","ast-featured-img":"disabled","footer-sml-layout":"","theme-transparent-header-meta":"","adv-header-id-meta":"","stick-header-meta":"","header-above-stick-meta":"","header-main-stick-meta":"","header-below-stick-meta":"","astra-migrate-meta-layouts":"set","ast-page-background-enabled":"default","ast-page-background-meta":{"desktop":{"background-color":"var(--ast-global-color-4)","background-image":"","background-repeat":"repeat","background-position":"center center","background-size":"auto","background-attachment":"scroll","background-type":"","background-media":"","overlay-type":"","overlay-color":"","overlay-opacity":"","overlay-gradient":""},"tablet":{"background-color":"","background-image":"","background-repeat":"repeat","background-position":"center center","background-size":"auto","background-attachment":"scroll","background-type":"","background-media":"","overlay-type":"","overlay-color":"","overlay-opacity":"","overlay-gradient":""},"mobile":{"background-color":"","background-image":"","background-repeat":"repeat","background-position":"center center","background-size":"auto","background-attachment":"scroll","background-type":"","background-media":"","overlay-type":"","overlay-color":"","overlay-opacity":"","overlay-gradient":""}},"ast-content-background-meta":{"desktop":{"background-color":"var(--ast-global-color-5)","background-image":"","background-repeat":"repeat","background-position":"center center","background-size":"auto","background-attachment":"scroll","background-type":"","background-media":"","overlay-type":"","overlay-color":"","overlay-opacity":"","overlay-gradient":""},"tablet":{"background-color":"var(--ast-global-color-5)","background-image":"","background-repeat":"repeat","background-position":"center center","background-size":"auto","background-attachment":"scroll","background-type":"","background-media":"","overlay-type":"","overlay-color":"","overlay-opacity":"","overlay-gradient":""},"mobile":{"background-color":"var(--ast-global-color-5)","background-image":"","background-repeat":"repeat","background-position":"center center","background-size":"auto","background-attachment":"scroll","background-type":"","background-media":"","overlay-type":"","overlay-color":"","overlay-opacity":"","overlay-gradient":""}},"footnotes":""},"class_list":["post-6182","page","type-page","status-publish","hentry"],"_links":{"self":[{"href":"https:\/\/premiumoptica.com\/en\/wp-json\/wp\/v2\/pages\/6182","targetHints":{"allow":["GET"]}}],"collection":[{"href":"https:\/\/premiumoptica.com\/en\/wp-json\/wp\/v2\/pages"}],"about":[{"href":"https:\/\/premiumoptica.com\/en\/wp-json\/wp\/v2\/types\/page"}],"author":[{"embeddable":true,"href":"https:\/\/premiumoptica.com\/en\/wp-json\/wp\/v2\/users\/1"}],"replies":[{"embeddable":true,"href":"https:\/\/premiumoptica.com\/en\/wp-json\/wp\/v2\/comments?post=6182"}],"version-history":[{"count":39,"href":"https:\/\/premiumoptica.com\/en\/wp-json\/wp\/v2\/pages\/6182\/revisions"}],"predecessor-version":[{"id":36590,"href":"https:\/\/premiumoptica.com\/en\/wp-json\/wp\/v2\/pages\/6182\/revisions\/36590"}],"wp:attachment":[{"href":"https:\/\/premiumoptica.com\/en\/wp-json\/wp\/v2\/media?parent=6182"}],"curies":[{"name":"wp","href":"https:\/\/api.w.org\/{rel}","templated":true}]}}